{"id":184,"date":"2025-05-13T00:30:04","date_gmt":"2025-05-13T00:30:04","guid":{"rendered":"http:\/\/nohaylimite.com\/?page_id=184"},"modified":"2025-05-13T01:44:27","modified_gmt":"2025-05-13T01:44:27","slug":"suplementacion","status":"publish","type":"page","link":"http:\/\/nohaylimite.com\/?page_id=184","title":{"rendered":"SUPLEMENTACION"},"content":{"rendered":"\t\t<div data-elementor-type=\"wp-page\" data-elementor-id=\"184\" class=\"elementor elementor-184\">\n\t\t\t\t<div class=\"elementor-element elementor-element-30aa8c0 e-flex e-con-boxed e-con e-parent\" data-id=\"30aa8c0\" data-element_type=\"container\">\n\t\t\t\t\t<div class=\"e-con-inner\">\n\t\t\t\t<div class=\"elementor-element elementor-element-02be083 elementor-widget elementor-widget-text-editor\" data-id=\"02be083\" data-element_type=\"widget\" data-widget_type=\"text-editor.default\">\n\t\t\t\t<div class=\"elementor-widget-container\">\n\t\t\t\t\t\t\t\t\t<p data-pm-slice=\"1 1 []\"><strong>Suplementaci\u00f3n Deportiva 101: Lo B\u00e1sico que Debes Saber Antes de Empezar<\/strong><\/p><p data-pm-slice=\"1 1 []\"><strong><a href=\"http:\/\/nohaylimite.com\/?p=186\"><img decoding=\"async\" class=\"alignnone\" src=\"https:\/\/www.sportlife.es\/uploads\/s1\/76\/22\/87\/5\/article-piramide-suplementos-deportivos-56b0ba6e37d45.jpeg\" alt=\"La pir\u00e1mide de los suplementos deportivos\" width=\"184\" height=\"107\" \/><\/a><\/strong><\/p><p data-pm-slice=\"1 1 []\"><strong>Los 5 Mejores Suplementos para Ganar Masa Muscular<\/strong><\/p><p data-pm-slice=\"1 1 []\"><a href=\"http:\/\/nohaylimite.com\/?p=198\"><img decoding=\"async\" class=\"alignnone\" src=\"https:\/\/clinicacofer.com\/wp-content\/uploads\/2018\/12\/B6Ibgy7CAAAF4ta.jpg\" alt=\"Suplementos deportivos prote\u00ednas y efectos sobre la salud\" width=\"181\" height=\"128\" \/><\/a><\/p><p data-pm-slice=\"1 1 []\"><strong>\u00bfQu\u00e9 Suplementos Necesito Seg\u00fan Mi Objetivo Deportivo?<\/strong><\/p><p data-pm-slice=\"1 1 []\"><a href=\"http:\/\/nohaylimite.com\/?p=206\"><img decoding=\"async\" class=\"alignnone\" src=\"https:\/\/escuelafarmacia.com\/wp-content\/uploads\/curso-de-nutricion-deportiva.jpg\" alt=\"M\u00e1ster en Suplementaci\u00f3n Deportiva - Escuela Internacional de Farmacia Pasteur\" width=\"180\" height=\"145\" \/><\/a><\/p><p data-pm-slice=\"1 1 []\"><strong> Prote\u00edna Whey vs. Prote\u00edna Vegetal: \u00bfCu\u00e1l es Mejor para Ti?<\/strong><\/p><p data-pm-slice=\"1 1 []\"><a href=\"http:\/\/nohaylimite.com\/?p=214\"><img loading=\"lazy\" decoding=\"async\" class=\"alignnone\" src=\"https:\/\/encrypted-tbn0.gstatic.com\/images?q=tbn:ANd9GcTYtYW8Dw81-GGKBgURqWgV4MvzKeOv1V89qg&amp;s\" alt=\"Prote\u00edna Whey (leche) vs prote\u00edna vegana (arroz y guisante) | \u00bfCu\u00e1l es mejor? - Tu entrenador Vegano\" width=\"183\" height=\"81\" \/><\/a><\/p><p data-pm-slice=\"1 1 []\"><strong>\u00bfVale la Pena Usar Pre-Entrenos? Beneficios y Riesgos<\/strong><\/p><p data-pm-slice=\"1 1 []\"><a href=\"http:\/\/nohaylimite.com\/?p=223\"><img loading=\"lazy\" decoding=\"async\" class=\"alignnone\" src=\"https:\/\/alphamakerco.com\/wp-content\/uploads\/2023\/12\/preentrenos.jpg\" alt=\"Los 4 mejores Pre Entrenos \u00bb Suplementos deportivos\" width=\"180\" height=\"145\" \/><\/a><\/p>\t\t\t\t\t\t\t\t<\/div>\n\t\t\t\t<\/div>\n\t\t\t\t\t<\/div>\n\t\t\t\t<\/div>\n\t\t\t\t<\/div>\n\t\t","protected":false},"excerpt":{"rendered":"<p>Suplementaci\u00f3n Deportiva 101: Lo B\u00e1sico que Debes Saber Antes de Empezar Los 5 Mejores Suplementos para Ganar Masa Muscular \u00bfQu\u00e9 Suplementos Necesito Seg\u00fan Mi Objetivo Deportivo? Prote\u00edna Whey vs. Prote\u00edna Vegetal: \u00bfCu\u00e1l es Mejor para Ti? \u00bfVale la Pena Usar Pre-Entrenos? Beneficios y Riesgos<\/p>\n","protected":false},"author":1,"featured_media":0,"parent":0,"menu_order":0,"comment_status":"closed","ping_status":"closed","template":"","meta":{"footnotes":""},"class_list":["post-184","page","type-page","status-publish","hentry"],"yoast_head":"<!-- This site is optimized with the Yoast SEO plugin v25.0 - https:\/\/yoast.com\/wordpress\/plugins\/seo\/ -->\n<title>SUPLEMENTACION - nohaylimite.com<\/title>\n<meta name=\"robots\" content=\"index, follow, max-snippet:-1, max-image-preview:large, max-video-preview:-1\" \/>\n<link rel=\"canonical\" href=\"http:\/\/nohaylimite.com\/?page_id=184\" \/>\n<meta property=\"og:locale\" content=\"en_US\" \/>\n<meta property=\"og:type\" content=\"article\" \/>\n<meta property=\"og:title\" content=\"SUPLEMENTACION - nohaylimite.com\" \/>\n<meta property=\"og:description\" content=\"Suplementaci\u00f3n Deportiva 101: Lo B\u00e1sico que Debes Saber Antes de Empezar Los 5 Mejores Suplementos para Ganar Masa Muscular \u00bfQu\u00e9 Suplementos Necesito Seg\u00fan Mi Objetivo Deportivo? Prote\u00edna Whey vs. Prote\u00edna Vegetal: \u00bfCu\u00e1l es Mejor para Ti? \u00bfVale la Pena Usar Pre-Entrenos? Beneficios y Riesgos\" \/>\n<meta property=\"og:url\" content=\"http:\/\/nohaylimite.com\/?page_id=184\" \/>\n<meta property=\"og:site_name\" content=\"nohaylimite.com\" \/>\n<meta property=\"article:modified_time\" content=\"2025-05-13T01:44:27+00:00\" \/>\n<meta property=\"og:image\" content=\"https:\/\/www.sportlife.es\/uploads\/s1\/76\/22\/87\/5\/article-piramide-suplementos-deportivos-56b0ba6e37d45.jpeg\" \/>\n<meta name=\"twitter:card\" content=\"summary_large_image\" \/>\n<meta name=\"twitter:label1\" content=\"Est. reading time\" \/>\n\t<meta name=\"twitter:data1\" content=\"2 minutes\" \/>\n<script type=\"application\/ld+json\" class=\"yoast-schema-graph\">{\"@context\":\"https:\/\/schema.org\",\"@graph\":[{\"@type\":\"WebPage\",\"@id\":\"http:\/\/nohaylimite.com\/?page_id=184\",\"url\":\"http:\/\/nohaylimite.com\/?page_id=184\",\"name\":\"SUPLEMENTACION - nohaylimite.com\",\"isPartOf\":{\"@id\":\"http:\/\/nohaylimite.com\/#website\"},\"primaryImageOfPage\":{\"@id\":\"http:\/\/nohaylimite.com\/?page_id=184#primaryimage\"},\"image\":{\"@id\":\"http:\/\/nohaylimite.com\/?page_id=184#primaryimage\"},\"thumbnailUrl\":\"https:\/\/www.sportlife.es\/uploads\/s1\/76\/22\/87\/5\/article-piramide-suplementos-deportivos-56b0ba6e37d45.jpeg\",\"datePublished\":\"2025-05-13T00:30:04+00:00\",\"dateModified\":\"2025-05-13T01:44:27+00:00\",\"breadcrumb\":{\"@id\":\"http:\/\/nohaylimite.com\/?page_id=184#breadcrumb\"},\"inLanguage\":\"en-US\",\"potentialAction\":[{\"@type\":\"ReadAction\",\"target\":[\"http:\/\/nohaylimite.com\/?page_id=184\"]}]},{\"@type\":\"ImageObject\",\"inLanguage\":\"en-US\",\"@id\":\"http:\/\/nohaylimite.com\/?page_id=184#primaryimage\",\"url\":\"https:\/\/www.sportlife.es\/uploads\/s1\/76\/22\/87\/5\/article-piramide-suplementos-deportivos-56b0ba6e37d45.jpeg\",\"contentUrl\":\"https:\/\/www.sportlife.es\/uploads\/s1\/76\/22\/87\/5\/article-piramide-suplementos-deportivos-56b0ba6e37d45.jpeg\"},{\"@type\":\"BreadcrumbList\",\"@id\":\"http:\/\/nohaylimite.com\/?page_id=184#breadcrumb\",\"itemListElement\":[{\"@type\":\"ListItem\",\"position\":1,\"name\":\"Home\",\"item\":\"https:\/\/nohaylimite.com\/\"},{\"@type\":\"ListItem\",\"position\":2,\"name\":\"SUPLEMENTACION\"}]},{\"@type\":\"WebSite\",\"@id\":\"http:\/\/nohaylimite.com\/#website\",\"url\":\"http:\/\/nohaylimite.com\/\",\"name\":\"nohaylimite.com\",\"description\":\"\",\"publisher\":{\"@id\":\"http:\/\/nohaylimite.com\/#organization\"},\"potentialAction\":[{\"@type\":\"SearchAction\",\"target\":{\"@type\":\"EntryPoint\",\"urlTemplate\":\"http:\/\/nohaylimite.com\/?s={search_term_string}\"},\"query-input\":{\"@type\":\"PropertyValueSpecification\",\"valueRequired\":true,\"valueName\":\"search_term_string\"}}],\"inLanguage\":\"en-US\"},{\"@type\":\"Organization\",\"@id\":\"http:\/\/nohaylimite.com\/#organization\",\"name\":\"nohaylimite.com\",\"url\":\"http:\/\/nohaylimite.com\/\",\"logo\":{\"@type\":\"ImageObject\",\"inLanguage\":\"en-US\",\"@id\":\"http:\/\/nohaylimite.com\/#\/schema\/logo\/image\/\",\"url\":\"http:\/\/nohaylimite.com\/wp-content\/uploads\/2025\/02\/logo.png\",\"contentUrl\":\"http:\/\/nohaylimite.com\/wp-content\/uploads\/2025\/02\/logo.png\",\"width\":156,\"height\":40,\"caption\":\"nohaylimite.com\"},\"image\":{\"@id\":\"http:\/\/nohaylimite.com\/#\/schema\/logo\/image\/\"}}]}<\/script>\n<!-- \/ Yoast SEO plugin. -->","yoast_head_json":{"title":"SUPLEMENTACION - nohaylimite.com","robots":{"index":"index","follow":"follow","max-snippet":"max-snippet:-1","max-image-preview":"max-image-preview:large","max-video-preview":"max-video-preview:-1"},"canonical":"http:\/\/nohaylimite.com\/?page_id=184","og_locale":"en_US","og_type":"article","og_title":"SUPLEMENTACION - nohaylimite.com","og_description":"Suplementaci\u00f3n Deportiva 101: Lo B\u00e1sico que Debes Saber Antes de Empezar Los 5 Mejores Suplementos para Ganar Masa Muscular \u00bfQu\u00e9 Suplementos Necesito Seg\u00fan Mi Objetivo Deportivo? Prote\u00edna Whey vs. Prote\u00edna Vegetal: \u00bfCu\u00e1l es Mejor para Ti? \u00bfVale la Pena Usar Pre-Entrenos? Beneficios y Riesgos","og_url":"http:\/\/nohaylimite.com\/?page_id=184","og_site_name":"nohaylimite.com","article_modified_time":"2025-05-13T01:44:27+00:00","og_image":[{"url":"https:\/\/www.sportlife.es\/uploads\/s1\/76\/22\/87\/5\/article-piramide-suplementos-deportivos-56b0ba6e37d45.jpeg","type":"","width":"","height":""}],"twitter_card":"summary_large_image","twitter_misc":{"Est. reading time":"2 minutes"},"schema":{"@context":"https:\/\/schema.org","@graph":[{"@type":"WebPage","@id":"http:\/\/nohaylimite.com\/?page_id=184","url":"http:\/\/nohaylimite.com\/?page_id=184","name":"SUPLEMENTACION - nohaylimite.com","isPartOf":{"@id":"http:\/\/nohaylimite.com\/#website"},"primaryImageOfPage":{"@id":"http:\/\/nohaylimite.com\/?page_id=184#primaryimage"},"image":{"@id":"http:\/\/nohaylimite.com\/?page_id=184#primaryimage"},"thumbnailUrl":"https:\/\/www.sportlife.es\/uploads\/s1\/76\/22\/87\/5\/article-piramide-suplementos-deportivos-56b0ba6e37d45.jpeg","datePublished":"2025-05-13T00:30:04+00:00","dateModified":"2025-05-13T01:44:27+00:00","breadcrumb":{"@id":"http:\/\/nohaylimite.com\/?page_id=184#breadcrumb"},"inLanguage":"en-US","potentialAction":[{"@type":"ReadAction","target":["http:\/\/nohaylimite.com\/?page_id=184"]}]},{"@type":"ImageObject","inLanguage":"en-US","@id":"http:\/\/nohaylimite.com\/?page_id=184#primaryimage","url":"https:\/\/www.sportlife.es\/uploads\/s1\/76\/22\/87\/5\/article-piramide-suplementos-deportivos-56b0ba6e37d45.jpeg","contentUrl":"https:\/\/www.sportlife.es\/uploads\/s1\/76\/22\/87\/5\/article-piramide-suplementos-deportivos-56b0ba6e37d45.jpeg"},{"@type":"BreadcrumbList","@id":"http:\/\/nohaylimite.com\/?page_id=184#breadcrumb","itemListElement":[{"@type":"ListItem","position":1,"name":"Home","item":"https:\/\/nohaylimite.com\/"},{"@type":"ListItem","position":2,"name":"SUPLEMENTACION"}]},{"@type":"WebSite","@id":"http:\/\/nohaylimite.com\/#website","url":"http:\/\/nohaylimite.com\/","name":"nohaylimite.com","description":"","publisher":{"@id":"http:\/\/nohaylimite.com\/#organization"},"potentialAction":[{"@type":"SearchAction","target":{"@type":"EntryPoint","urlTemplate":"http:\/\/nohaylimite.com\/?s={search_term_string}"},"query-input":{"@type":"PropertyValueSpecification","valueRequired":true,"valueName":"search_term_string"}}],"inLanguage":"en-US"},{"@type":"Organization","@id":"http:\/\/nohaylimite.com\/#organization","name":"nohaylimite.com","url":"http:\/\/nohaylimite.com\/","logo":{"@type":"ImageObject","inLanguage":"en-US","@id":"http:\/\/nohaylimite.com\/#\/schema\/logo\/image\/","url":"http:\/\/nohaylimite.com\/wp-content\/uploads\/2025\/02\/logo.png","contentUrl":"http:\/\/nohaylimite.com\/wp-content\/uploads\/2025\/02\/logo.png","width":156,"height":40,"caption":"nohaylimite.com"},"image":{"@id":"http:\/\/nohaylimite.com\/#\/schema\/logo\/image\/"}}]}},"_links":{"self":[{"href":"http:\/\/nohaylimite.com\/index.php?rest_route=\/wp\/v2\/pages\/184","targetHints":{"allow":["GET"]}}],"collection":[{"href":"http:\/\/nohaylimite.com\/index.php?rest_route=\/wp\/v2\/pages"}],"about":[{"href":"http:\/\/nohaylimite.com\/index.php?rest_route=\/wp\/v2\/types\/page"}],"author":[{"embeddable":true,"href":"http:\/\/nohaylimite.com\/index.php?rest_route=\/wp\/v2\/users\/1"}],"replies":[{"embeddable":true,"href":"http:\/\/nohaylimite.com\/index.php?rest_route=%2Fwp%2Fv2%2Fcomments&post=184"}],"version-history":[{"count":5,"href":"http:\/\/nohaylimite.com\/index.php?rest_route=\/wp\/v2\/pages\/184\/revisions"}],"predecessor-version":[{"id":230,"href":"http:\/\/nohaylimite.com\/index.php?rest_route=\/wp\/v2\/pages\/184\/revisions\/230"}],"wp:attachment":[{"href":"http:\/\/nohaylimite.com\/index.php?rest_route=%2Fwp%2Fv2%2Fmedia&parent=184"}],"curies":[{"name":"wp","href":"https:\/\/api.w.org\/{rel}","templated":true}]}}